{"id":1162,"date":"2023-05-22T17:04:53","date_gmt":"2023-05-22T15:04:53","guid":{"rendered":"https:\/\/www.testrun.be\/?page_id=1162"},"modified":"2023-05-22T17:22:21","modified_gmt":"2023-05-22T15:22:21","slug":"confidentialite","status":"publish","type":"page","link":"https:\/\/www.testrun.be\/index.php\/confidentialite\/","title":{"rendered":"Politique de confidentialit\u00e9"},"content":{"rendered":"<div class=\"wpb-content-wrapper\"><p>[vc_row full_height=\u00a0\u00bbyes\u00a0\u00bb equal_height=\u00a0\u00bbyes\u00a0\u00bb el_id=\u00a0\u00bbrgpd\u00a0\u00bb css=\u00a0\u00bb.vc_custom_1684768167181{padding-top: 60px !important;padding-bottom: 120px !important;}\u00a0\u00bb][vc_column]<div id=\"ultimate-heading-726269dc24b618125\" class=\"uvc-heading ult-adjust-bottom-margin ultimate-heading-726269dc24b618125 uvc-9680 \" data-hspacer=\"line_with_icon\" data-hline_width=\"120\" data-hicon_type=\"selector\" data-hborder_style=\"solid\" data-hborder_height=\"3\" data-hborder_color=\"#01a5fc\" data-icon_width=\"18\" data-hfixer=\"10\"  data-halign=\"center\" style=\"text-align:center\"><div class=\"uvc-main-heading ult-responsive\"  data-ultimate-target='.uvc-heading.ultimate-heading-726269dc24b618125 h2'  data-responsive-json-new='{\"font-size\":\"desktop:42px;mobile_landscape:34px;\",\"line-height\":\"desktop:52px;mobile_landscape:44px;\"}' ><h2 style=\"font-weight:bold;\">POLITIQUE DE CONFIDENTIALITE<\/h2><\/div><div class=\"uvc-heading-spacer line_with_icon\" style=\"margin-bottom:50px;height:18px;\"><div class=\"ult-just-icon-wrapper  \"><div class=\"align-icon\" style=\"text-align:center;\">\n<div class=\"aio-icon none \"  style=\"color:#f3615a;font-size:18px;display:inline-block;\">\n\t<i class=\"icomoon-font-awesome-14x14-chevron-down\"><\/i>\n<\/div><\/div><\/div><\/div><\/div><div id=\"ultimate-heading-50669dc24b61816c\" class=\"uvc-heading ult-adjust-bottom-margin ultimate-heading-50669dc24b61816c uvc-5035 \" data-hspacer=\"no_spacer\"  data-halign=\"center\" style=\"text-align:center\"><div class=\"uvc-heading-spacer no_spacer\" style=\"top\"><\/div><div class=\"uvc-sub-heading ult-responsive\"  data-ultimate-target='.uvc-heading.ultimate-heading-50669dc24b61816c .uvc-sub-heading '  data-responsive-json-new='{\"font-size\":\"\",\"line-height\":\"\"}'  style=\"font-weight:normal;\"><\/p>\n<h2 class=\"wp-block-heading\" style=\"text-align: left;\">Qui sommes-nous\u00a0?<\/h2>\n<p style=\"text-align: left;\">TESTRUN SRL<br \/>\nRue de Li\u00e8ge, 46<br \/>\nB-4180 Hamoir<br \/>\nCourriel : info@testrun.be<br \/>\nNum\u00e9ro d\u2019entreprise: 0779 499 126<\/p>\n<h2 style=\"text-align: left;\"><\/h2>\n<h2 class=\"wp-block-heading\" style=\"text-align: left;\">Utilisation du formulaire de contact<\/h2>\n<p style=\"text-align: left;\">Conform\u00e9ment aux exigences du R\u00e8glement G\u00e9n\u00e9ral sur la Protection des Donn\u00e9es Personnelles (RGPD) entr\u00e9e en vigueur le 25 mai 2018, nous mettons en \u0153uvre toutes les mesures n\u00e9cessaires afin de garantir la protection de vos donn\u00e9es et appliquons le principe de transparence. Vous disposez de droits pour ma\u00eetriser vos donn\u00e9es personnelles.<\/p>\n<p style=\"text-align: left;\">Voici les informations relatives \u00e0 la collecte et au traitement de vos donn\u00e9es personnelles dans le cadre de votre demande d&rsquo;information.<\/p>\n<p style=\"text-align: left;\">Les informations recueillies sur via le formulaire de contact sont enregistr\u00e9es dans un fichier informatis\u00e9 par la soci\u00e9t\u00e9 TESTRUN pour r\u00e9pondre \u00e0 votre demande d&rsquo;information. En envoyant le formulaire vous consentez \u00e0 ce que nous collections et traitions vos donn\u00e9es personnelles dans le cadre pr\u00e9cis de votre demande de renseignements et de la relation commerciale qui pourrait en d\u00e9couler.<\/p>\n<p style=\"text-align: left;\">La base l\u00e9gale du traitement est le consentement, recueilli (boutons et cases \u00e0 cocher), libre, clair et sans \u00e9quivoque conform\u00e9ment aux conditions applicables qui sont d\u00e9finies aux articles 4 et 7 du RGPD.<\/p>\n<p style=\"text-align: left;\">Vos donn\u00e9es trait\u00e9es sont les donn\u00e9es d&rsquo;identification: pr\u00e9noms, noms et coordonn\u00e9es professionnelles. Elles sont recueillies directement aupr\u00e8s de vous via le formulaire de contact de notre site internet.<\/p>\n<p style=\"text-align: left;\">Vos donn\u00e9es sont trait\u00e9es par la personne en charge de la gestion commerciale, membre du personnel habilit\u00e9 de la soci\u00e9t\u00e9 TESTRUN.<\/p>\n<p style=\"text-align: left;\">Vos donn\u00e9es personnelles sont conserv\u00e9es pour la dur\u00e9e n\u00e9cessaire au traitement de votre demande d&rsquo;information. Elles seront conserv\u00e9es durant 24 mois \u00e0 partir du dernier contact puis anonymis\u00e9es et conserv\u00e9es \u00e0 des fins historiques et statistiques pour une dur\u00e9e de 36 mois, sauf contraintes l\u00e9gales particuli\u00e8res.<\/p>\n<p style=\"text-align: left;\">Vous pouvez acc\u00e9der aux donn\u00e9es vous concernant, les rectifier, demander leur effacement ou exercer votre droit \u00e0 la limitation du traitement de vos donn\u00e9es. Vous pouvez retirer \u00e0 tout moment votre consentement au traitement de vos donn\u00e9es. Vous pouvez \u00e9galement vous opposer au traitement de vos donn\u00e9es et exercer votre droit \u00e0 la portabilit\u00e9 de vos donn\u00e9es.<\/p>\n<p style=\"text-align: left;\">Pour exercer ces droits ou pour toute question sur le traitement de vos donn\u00e9es dans ce dispositif, vous pouvez contacter TESTRUN par courrier \u00e9lectronique : info@testrun.be<\/p>\n<p style=\"text-align: left;\">Si vous estimez, apr\u00e8s nous avoir contact\u00e9s, que vos droits ne sont pas respect\u00e9s, vous pouvez adresser une r\u00e9clamation \u00e0 l&rsquo;Autorit\u00e9 de protection des donn\u00e9es.<\/p>\n<h2 class=\"wp-block-heading\" style=\"text-align: left;\">Cookies<\/h2>\n<p style=\"text-align: left;\">Lorsque vous utiliser le site testrun.be, certaines informations pourraient \u00eatre enregistr\u00e9es dans des cookies. C\u2019est uniquement pour votre confort afin de ne pas avoir \u00e0 saisir ces informations si vous d\u00e9posez un autre commentaire plus tard. Ces cookies expirent au bout d\u2019un an.<\/p>\n<p style=\"text-align: left;\">Si vous vous rendez sur la page de connexion, un cookie temporaire sera cr\u00e9\u00e9 afin de d\u00e9terminer si votre navigateur accepte les cookies. Il ne contient pas de donn\u00e9es personnelles et sera supprim\u00e9 automatiquement \u00e0 la fermeture de votre navigateur.<\/p>\n<h2 class=\"wp-block-heading\" style=\"text-align: left;\">Contenu embarqu\u00e9 depuis d\u2019autres sites<\/h2>\n<p style=\"text-align: left;\">Ce site peut inclure des contenus int\u00e9gr\u00e9s (par exemple des vid\u00e9os, images, articles\u2026). Le contenu int\u00e9gr\u00e9 depuis d\u2019autres sites se comporte de la m\u00eame mani\u00e8re que si le visiteur se rendait sur cet autre site.<\/p>\n<p style=\"text-align: left;\">Ces sites web pourraient collecter des donn\u00e9es sur vous, utiliser des cookies, embarquer des outils de suivis tiers, suivre vos interactions avec ces contenus embarqu\u00e9s si vous disposez d\u2019un compte connect\u00e9 sur leur site web.<\/p>\n<h2 class=\"wp-block-heading\" style=\"text-align: left;\">Les droits que vous avez sur vos donn\u00e9es<\/h2>\n<p style=\"text-align: left;\">Vous pouvez demander \u00e0 recevoir un fichier contenant toutes les donn\u00e9es personnelles que nous poss\u00e9dons \u00e0 votre sujet, incluant celles que vous nous avez fournies. Vous pouvez \u00e9galement demander la suppression des donn\u00e9es personnelles vous concernant. Cela ne prend pas en compte les donn\u00e9es stock\u00e9es \u00e0 des fins administratives, l\u00e9gales ou pour des raisons de s\u00e9curit\u00e9. Notre adresse de contact : info@testrun.be<\/p>\n<p><\/div><\/div>[\/vc_column][\/vc_row][vc_row equal_height=\u00a0\u00bbyes\u00a0\u00bb content_placement=\u00a0\u00bbmiddle\u00a0\u00bb bg_type=\u00a0\u00bbimage\u00a0\u00bb parallax_style=\u00a0\u00bbvcpb-vz-jquery\u00a0\u00bb bg_image_new=\u00a0\u00bbid^633|url^https:\/\/www.testrun.be\/wp-content\/uploads\/2017\/10\/bg003.jpg|caption^null|alt^null|title^bg003|description^null\u00a0\u00bb bg_image_repeat=\u00a0\u00bbno-repeat\u00a0\u00bb bg_override=\u00a0\u00bbex-full\u00a0\u00bb enable_overlay=\u00a0\u00bbenable_overlay_value\u00a0\u00bb overlay_color=\u00a0\u00bbrgba(26,0,33,0.9)\u00a0\u00bb overlay_pattern=\u00a0\u00bbtransperant\u00a0\u00bb type=\u00a0\u00bbvc_default\u00a0\u00bb css=\u00a0\u00bb.vc_custom_1684758659574{padding-top: 40px !important;padding-bottom: 20px !important;}\u00a0\u00bb][vc_column][vc_row_inner][vc_column_inner css=\u00a0\u00bb.vc_custom_1684758698249{padding-bottom: 0px !important;}\u00a0\u00bb][vc_single_image image=\u00a0\u00bb860&Prime; img_size=\u00a0\u00bb\u00a0\u00bb image_hovers=\u00a0\u00bbfalse\u00a0\u00bb lazy_loading=\u00a0\u00bbtrue\u00a0\u00bb css=\u00a0\u00bb.vc_custom_1684752438936{margin-bottom: 20px !important;}\u00a0\u00bb]<div id=\"ultimate-heading-876469dc24b61818c\" class=\"uvc-heading ult-adjust-bottom-margin ultimate-heading-876469dc24b61818c uvc-1176 \" data-hspacer=\"no_spacer\"  data-halign=\"left\" style=\"text-align:left\"><div class=\"uvc-heading-spacer no_spacer\" style=\"top\"><\/div><div class=\"uvc-sub-heading ult-responsive\"  data-ultimate-target='.uvc-heading.ultimate-heading-876469dc24b61818c .uvc-sub-heading '  data-responsive-json-new='{\"font-size\":\"desktop:16px;\",\"line-height\":\"desktop:28px;\"}'  style=\"font-weight:normal;color:#ffffff;\">TESTRUN SRL<br \/>\nRue de Li\u00e8ge, 46<br \/>\nB-4180 Hamoir<\/p>\n<p>Courriel : <a href=\"mailto:info@testrun.be\">info@testrun.be<\/a><br \/>\nNum\u00e9ro d&rsquo;entreprise: 0779 499 126<\/div><\/div><div id=\"ultimate-heading-240469dc24b6181a2\" class=\"uvc-heading ult-adjust-bottom-margin ultimate-heading-240469dc24b6181a2 uvc-7825 \" data-hspacer=\"no_spacer\"  data-halign=\"left\" style=\"text-align:left\"><div class=\"uvc-heading-spacer no_spacer\" style=\"top\"><\/div><div class=\"uvc-sub-heading ult-responsive\"  data-ultimate-target='.uvc-heading.ultimate-heading-240469dc24b6181a2 .uvc-sub-heading '  data-responsive-json-new='{\"font-size\":\"desktop:12px;\",\"line-height\":\"desktop:28px;\"}'  style=\"font-weight:normal;color:#ffffff;\">\u00a9 2021 TESTRUN SRL. Tous droits r\u00e9serv\u00e9s.<\/div><\/div>[\/vc_column_inner][\/vc_row_inner][\/vc_column][\/vc_row]<\/p>\n<\/div>","protected":false},"excerpt":{"rendered":"<p>[vc_row full_height=\u00a0\u00bbyes\u00a0\u00bb equal_height=\u00a0\u00bbyes\u00a0\u00bb el_id=\u00a0\u00bbrgpd\u00a0\u00bb css=\u00a0\u00bb.vc_custom_1684768167181{padding-top: 60px !important;padding-bottom: 120px !important;}\u00a0\u00bb][vc_column][\/vc_column][\/vc_row][vc_row equal_height=\u00a0\u00bbyes\u00a0\u00bb content_placement=\u00a0\u00bbmiddle\u00a0\u00bb bg_type=\u00a0\u00bbimage\u00a0\u00bb parallax_style=\u00a0\u00bbvcpb-vz-jquery\u00a0\u00bb bg_image_new=\u00a0\u00bbid^633|url^https:\/\/www.testrun.be\/wp-content\/uploads\/2017\/10\/bg003.jpg|caption^null|alt^null|title^bg003|description^null\u00a0\u00bb bg_image_repeat=\u00a0\u00bbno-repeat\u00a0\u00bb bg_override=\u00a0\u00bbex-full\u00a0\u00bb enable_overlay=\u00a0\u00bbenable_overlay_value\u00a0\u00bb overlay_color=\u00a0\u00bbrgba(26,0,33,0.9)\u00a0\u00bb overlay_pattern=\u00a0\u00bbtransperant\u00a0\u00bb type=\u00a0\u00bbvc_default\u00a0\u00bb css=\u00a0\u00bb.vc_custom_1684758659574{padding-top: 40px !important;padding-bottom: 20px !important;}\u00a0\u00bb][vc_column][vc_row_inner][vc_column_inner css=\u00a0\u00bb.vc_custom_1684758698249{padding-bottom: 0px !important;}\u00a0\u00bb][vc_single_image image=\u00a0\u00bb860&Prime; img_size=\u00a0\u00bb\u00a0\u00bb image_hovers=\u00a0\u00bbfalse\u00a0\u00bb lazy_loading=\u00a0\u00bbtrue\u00a0\u00bb css=\u00a0\u00bb.vc_custom_1684752438936{margin-bottom: 20px !important;}\u00a0\u00bb][\/vc_column_inner][\/vc_row_inner][\/vc_column][\/vc_row]<\/p>\n","protected":false},"author":1,"featured_media":0,"parent":0,"menu_order":0,"comment_status":"closed","ping_status":"closed","template":"","meta":{"footnotes":""},"class_list":["post-1162","page","type-page","status-publish","hentry","description-off"],"_links":{"self":[{"href":"https:\/\/www.testrun.be\/index.php\/wp-json\/wp\/v2\/pages\/1162","targetHints":{"allow":["GET"]}}],"collection":[{"href":"https:\/\/www.testrun.be\/index.php\/wp-json\/wp\/v2\/pages"}],"about":[{"href":"https:\/\/www.testrun.be\/index.php\/wp-json\/wp\/v2\/types\/page"}],"author":[{"embeddable":true,"href":"https:\/\/www.testrun.be\/index.php\/wp-json\/wp\/v2\/users\/1"}],"replies":[{"embeddable":true,"href":"https:\/\/www.testrun.be\/index.php\/wp-json\/wp\/v2\/comments?post=1162"}],"version-history":[{"count":5,"href":"https:\/\/www.testrun.be\/index.php\/wp-json\/wp\/v2\/pages\/1162\/revisions"}],"predecessor-version":[{"id":1164,"href":"https:\/\/www.testrun.be\/index.php\/wp-json\/wp\/v2\/pages\/1162\/revisions\/1164"}],"wp:attachment":[{"href":"https:\/\/www.testrun.be\/index.php\/wp-json\/wp\/v2\/media?parent=1162"}],"curies":[{"name":"wp","href":"https:\/\/api.w.org\/{rel}","templated":true}]}}